{"id":4836,"date":"2025-02-05T12:12:21","date_gmt":"2025-02-05T11:12:21","guid":{"rendered":"https:\/\/motooverhaul.com\/?post_type=product&#038;p=4836"},"modified":"2025-02-05T12:12:21","modified_gmt":"2025-02-05T11:12:21","slug":"filtre-a-air-agility","status":"publish","type":"product","link":"https:\/\/motooverhaul.com\/ar\/product\/filtre-a-air-agility\/","title":{"rendered":"Filtre a air agility"},"content":{"rendered":"<div class=\"chat-turn-container render user\" tabindex=\"-1\">\n<div class=\"user-prompt-container\" data-turn-role=\"User\">\n<div class=\"turn-content\"><\/div>\n<\/div>\n<\/div>\n<div class=\"chat-turn-container model render cdk-focused cdk-mouse-focused\" tabindex=\"-1\">\n<div class=\"actions-container\">\n<div class=\"actions hover-or-edit\">\n<div><span style=\"font-size: 16px;\">The 1723C-LBD6-E00 air filter is a genuine Kymco replacement part, ensuring precise compatibility and performance identical to the original factory-installed unit. This guarantees optimal engine performance and air intake, maintaining the specifications and functionality intended by the manufacturer. Using this genuine part ensures the correct filtration of air into the engine, contributing to both longevity and efficient operation.<\/span><\/div>\n<\/div>\n<\/div>\n<\/div>","protected":false},"excerpt":{"rendered":"<p>La pi\u00e8ce filtre a air r\u00e9f\u00e9rence 1723C-LBD6-E00 est une pi\u00e8ce d&#8217;origine du constructeur Kymco et est exactement la m\u00eame que celle mont\u00e9e \u00e0 la sortie de l&#8217;usine du v\u00e9hicule.<\/p>","protected":false},"featured_media":4774,"comment_status":"open","ping_status":"closed","template":"","meta":{"site-sidebar-layout":"default","site-content-layout":"","ast-site-content-layout":"default","site-content-style":"default","site-sidebar-style":"default","ast-global-header-display":"","ast-banner-title-visibility":"","ast-main-header-display":"","ast-hfb-above-header-display":"","ast-hfb-below-header-display":"","ast-hfb-mobile-header-display":"","site-post-title":"","ast-breadcrumbs-content":"","ast-featured-img":"","footer-sml-layout":"","ast-disable-related-posts":"","theme-transparent-header-meta":"default","adv-header-id-meta":"","stick-header-meta":"","header-above-stick-meta":"","header-main-stick-meta":"","header-below-stick-meta":"","astra-migrate-meta-layouts":"set","ast-page-background-enabled":"default","ast-page-background-meta":{"desktop":{"background-color":"","background-image":"","background-repeat":"repeat","background-position":"center center","background-size":"auto","background-attachment":"scroll","background-type":"","background-media":"","overlay-type":"","overlay-color":"","overlay-opacity":"","overlay-gradient":""},"tablet":{"background-color":"","background-image":"","background-repeat":"repeat","background-position":"center center","background-size":"auto","background-attachment":"scroll","background-type":"","background-media":"","overlay-type":"","overlay-color":"","overlay-opacity":"","overlay-gradient":""},"mobile":{"background-color":"","background-image":"","background-repeat":"repeat","background-position":"center center","background-size":"auto","background-attachment":"scroll","background-type":"","background-media":"","overlay-type":"","overlay-color":"","overlay-opacity":"","overlay-gradient":""}},"ast-content-background-meta":{"desktop":{"background-color":"var(--ast-global-color-5)","background-image":"","background-repeat":"repeat","background-position":"center center","background-size":"auto","background-attachment":"scroll","background-type":"","background-media":"","overlay-type":"","overlay-color":"","overlay-opacity":"","overlay-gradient":""},"tablet":{"background-color":"var(--ast-global-color-5)","background-image":"","background-repeat":"repeat","background-position":"center center","background-size":"auto","background-attachment":"scroll","background-type":"","background-media":"","overlay-type":"","overlay-color":"","overlay-opacity":"","overlay-gradient":""},"mobile":{"background-color":"var(--ast-global-color-5)","background-image":"","background-repeat":"repeat","background-position":"center center","background-size":"auto","background-attachment":"scroll","background-type":"","background-media":"","overlay-type":"","overlay-color":"","overlay-opacity":"","overlay-gradient":""}},"_joinchat":[]},"product_brand":[59],"product_cat":[55],"product_tag":[],"class_list":{"0":"post-4836","1":"product","2":"type-product","3":"status-publish","4":"has-post-thumbnail","6":"product_brand-kymco","7":"product_cat-spare-parts","8":"desktop-align-left","9":"tablet-align-left","10":"mobile-align-left","12":"first","13":"instock","14":"taxable","15":"shipping-taxable","16":"purchasable","17":"product-type-simple"},"jetpack_sharing_enabled":true,"_links":{"self":[{"href":"https:\/\/motooverhaul.com\/ar\/wp-json\/wp\/v2\/product\/4836","targetHints":{"allow":["GET"]}}],"collection":[{"href":"https:\/\/motooverhaul.com\/ar\/wp-json\/wp\/v2\/product"}],"about":[{"href":"https:\/\/motooverhaul.com\/ar\/wp-json\/wp\/v2\/types\/product"}],"replies":[{"embeddable":true,"href":"https:\/\/motooverhaul.com\/ar\/wp-json\/wp\/v2\/comments?post=4836"}],"version-history":[{"count":1,"href":"https:\/\/motooverhaul.com\/ar\/wp-json\/wp\/v2\/product\/4836\/revisions"}],"predecessor-version":[{"id":4837,"href":"https:\/\/motooverhaul.com\/ar\/wp-json\/wp\/v2\/product\/4836\/revisions\/4837"}],"wp:featuredmedia":[{"embeddable":true,"href":"https:\/\/motooverhaul.com\/ar\/wp-json\/wp\/v2\/media\/4774"}],"wp:attachment":[{"href":"https:\/\/motooverhaul.com\/ar\/wp-json\/wp\/v2\/media?parent=4836"}],"wp:term":[{"taxonomy":"product_brand","embeddable":true,"href":"https:\/\/motooverhaul.com\/ar\/wp-json\/wp\/v2\/product_brand?post=4836"},{"taxonomy":"product_cat","embeddable":true,"href":"https:\/\/motooverhaul.com\/ar\/wp-json\/wp\/v2\/product_cat?post=4836"},{"taxonomy":"product_tag","embeddable":true,"href":"https:\/\/motooverhaul.com\/ar\/wp-json\/wp\/v2\/product_tag?post=4836"}],"curies":[{"name":"wp","href":"https:\/\/api.w.org\/{rel}","templated":true}]}}